{"id":2397,"date":"2023-09-22T14:02:31","date_gmt":"2023-09-22T14:02:31","guid":{"rendered":"https:\/\/tina5786.live-website.com\/?page_id=3"},"modified":"2024-04-11T19:57:16","modified_gmt":"2024-04-11T19:57:16","slug":"program-rp","status":"publish","type":"page","link":"https:\/\/tina.si\/eng\/program-rp\/","title":{"rendered":"Program RAZVOJA PODE\u017dELJA"},"content":{"rendered":"<h2 class=\"wp-block-heading\">Program RAZVOJA PODE\u017dELJA<\/h2>\n\n\n\n<p class=\"\"><strong>javni razpis za podukrep 4.2<\/strong><\/p>\n\n\n\n<p class=\"\"><a href=\"https:\/\/skp.si\/program-razvoja-podezelja-2014-2020-do-2022\">https:\/\/skp.si\/program-razvoja-podezelja-2014-2020-do-2022<\/a><\/p>\n\n\n\n<h2 class=\"wp-block-heading\"><strong>NAZIV NALO\u017dBE: Nakup tehnolo\u0161ke opreme za proizvodnjo in izgradnja skladi\u0161\u010da<\/strong><\/h2>\n\n\n\n<p class=\"\">Tina d.o.o. je na podlagi prijave na razpis pridobila nepovratna sredstva v sklopu podukrepa 4.2 \u2013 Podpora za nalo\u017ebe v predelavo in tr\u017eenje oziroma razvoj kmetijskih proizvodov.<\/p>\n\n\n\n<p class=\"\"><strong>Povzetek:<\/strong><\/p>\n\n\n\n<p class=\"\">Investicija v \u017ee izvedeni fazi zajema:<\/p>\n\n\n\n<ol class=\"wp-block-list\">\n<li class=\"\">VILI\u010cAR<\/li>\n\n\n\n<li class=\"\">IZGRADNJA NOVEGA SKLADI\u0160\u010cA<\/li>\n<\/ol>\n\n\n\n<p class=\"\"><strong>CILJI:<\/strong><\/p>\n\n\n\n<ul class=\"wp-block-list\">\n<li class=\"\">zagotovitev dinami\u010dne rasti podjetja in dviga konkuren\u010dnosti;<\/li>\n\n\n\n<li class=\"\">investicija bo vplivala na&nbsp; bolj\u0161o kakovost produktov, s \u010dimer se bo pove\u010dala tudi prodaja (pridobitev novih kupcev) in pove\u010dal tr\u017eni dele\u017e;<\/li>\n\n\n\n<li class=\"\">pove\u010danje direktne prodaje na&nbsp; doma\u010dem in tujem trgu;<\/li>\n\n\n\n<li class=\"\">mo\u017enost pridobitve novih kupcev;<\/li>\n\n\n\n<li class=\"\">pove\u010danje dodatnega \u0161tevila zaposlenih;<\/li>\n\n\n\n<li class=\"\">pove\u010danje&nbsp; proizvodnih kapacitet;<\/li>\n\n\n\n<li class=\"\">pove\u010danje prihodka;<\/li>\n\n\n\n<li class=\"\">zmanj\u0161anje stro\u0161kov (prihranek pri energiji, ve\u010dja produktivnost);<\/li>\n\n\n\n<li class=\"\">pove\u010danje bruto dodane vrednosti na zaposlenega;<\/li>\n\n\n\n<li class=\"\">izbolj\u0161anje tehnolo\u0161ke opremljenosti postopka;<\/li>\n\n\n\n<li class=\"\">ekolo\u0161ki vidik. Predvidena investicija bistveno izbolj\u0161uje vpliv na okolje;<\/li>\n\n\n\n<li class=\"\">izbolj\u0161ani delovni pogoji poslovanja, ve\u010dja varnost.<\/li>\n<\/ul>\n\n\n\n<p class=\"\"><strong>Pri\u010dakovani rezultati:<\/strong><\/p>\n\n\n\n<p class=\"\">Z na\u010drtovano investicijo v nakup nove tehnolo\u0161ke opreme za proizvodno \u017eivilskih izdelkov in izgradnjo skladi\u0161\u010da bo podjetje zagotovilo in pove\u010dalo&nbsp;<strong>dinami\u010dno rast podjetja, pove\u010dalo produktivnost, dvignilo konkuren\u010dnost ter tako utrdilo svoj polo\u017eaj na trgu.<\/strong><strong><\/strong><\/p>\n\n\n\n<p class=\"\">Na\u010drtovana investicija bo pomenila za podjetje izbolj\u0161anje&nbsp;<strong>tehnolo\u0161ke opremljenosti in delovnih pogojev poslovanja z vidika pove\u010danja prihodka, dobi\u010dka in dodane vrednosti na zaposlenega ter ustvarjanje novih delovnih mest.<\/strong><\/p>\n\n\n\n<p class=\"\">Na podlagi realizirane investicije bo podjetje uvedlo&nbsp;<strong>nov proizvod \u00bbNamaz z kumarami in drugo zelenjavo za sendvi\u010de\u00ab<\/strong>, ki ga vlagatelj do sedaj \u0161e ni proizvajal, po zdravih zelenjavnih namazih pa je na trgu veliko povpra\u0161evanje. Pri\u010dakovana letna proizvodnja 10 ton.<\/p>\n\n\n\n<p class=\"\"><strong>Povezave:<\/strong><\/p>\n\n\n\n<ul class=\"wp-block-list\">\n<li class=\"\"><a href=\"https:\/\/skp.si\/program-razvoja-podezelja-2014-2020-do-2022\">https:\/\/skp.si\/program-razvoja-podezelja-2014-2020-do-2022<\/a>&nbsp;<\/li>\n\n\n\n<li class=\"\">Spletna stran Evropske komisije, namenjene EKSRP:&nbsp;<a href=\"https:\/\/ec.europa.eu\/info\/food-farming-fisheries\/key-policies\/common-agricultural-policy\/rural-development_sl\">https:\/\/ec.europa.eu\/agriculture\/rural-development-2014-2020_sl<\/a><\/li>\n\n\n\n<li class=\"\">Spletna stran Program razvoja pode\u017eelja:&nbsp;<a href=\"https:\/\/www.program-podezelja.si\/sl\/\">https:\/\/www.program-podezelja.si\/sl\/&nbsp;<\/a><\/li>\n<\/ul>","protected":false},"excerpt":{"rendered":"<p>Program RAZVOJA PODE\u017dELJA javni razpis za podukrep 4.2 https:\/\/skp.si\/program-razvoja-podezelja-2014-2020-do-2022 NAZIV NALO\u017dBE: Nakup tehnolo\u0161ke opreme za proizvodnjo in izgradnja skladi\u0161\u010da Tina d.o.o. je na podlagi prijave na razpis pridobila nepovratna sredstva v sklopu podukrepa 4.2 \u2013 Podpora za nalo\u017ebe v predelavo in tr\u017eenje oziroma razvoj kmetijskih proizvodov. Povzetek: Investicija v \u017ee izvedeni fazi zajema: CILJI: Pri\u010dakovani&#8230;<\/p>","protected":false},"author":1,"featured_media":0,"parent":0,"menu_order":0,"comment_status":"closed","ping_status":"closed","template":"","meta":{"_kad_post_transparent":"","_kad_post_title":"hide","_kad_post_layout":"normal","_kad_post_sidebar_id":"","_kad_post_content_style":"unboxed","_kad_post_vertical_padding":"","_kad_post_feature":"","_kad_post_feature_position":"","_kad_post_header":false,"_kad_post_footer":false,"_kad_post_classname":"","slim_seo":{"title":"Program RAZVOJA PODE\u017dELJA - Tina","description":"Program RAZVOJA PODE\u017dELJA javni razpis za podukrep 4.2 https:\/\/skp.si\/program-razvoja-podezelja-2014-2020-do-2022 NAZIV NALO\u017dBE: Nakup tehnolo\u0161ke opreme za proi"},"_glsr_average":0,"_glsr_ranking":0,"_glsr_reviews":0,"footnotes":""},"class_list":["post-2397","page","type-page","status-publish","hentry"],"_links":{"self":[{"href":"https:\/\/tina.si\/eng\/wp-json\/wp\/v2\/pages\/2397","targetHints":{"allow":["GET"]}}],"collection":[{"href":"https:\/\/tina.si\/eng\/wp-json\/wp\/v2\/pages"}],"about":[{"href":"https:\/\/tina.si\/eng\/wp-json\/wp\/v2\/types\/page"}],"author":[{"embeddable":true,"href":"https:\/\/tina.si\/eng\/wp-json\/wp\/v2\/users\/1"}],"replies":[{"embeddable":true,"href":"https:\/\/tina.si\/eng\/wp-json\/wp\/v2\/comments?post=2397"}],"version-history":[{"count":3,"href":"https:\/\/tina.si\/eng\/wp-json\/wp\/v2\/pages\/2397\/revisions"}],"predecessor-version":[{"id":3108,"href":"https:\/\/tina.si\/eng\/wp-json\/wp\/v2\/pages\/2397\/revisions\/3108"}],"wp:attachment":[{"href":"https:\/\/tina.si\/eng\/wp-json\/wp\/v2\/media?parent=2397"}],"curies":[{"name":"wp","href":"https:\/\/api.w.org\/{rel}","templated":true}]}}